{"id":271,"date":"2024-08-20T14:13:41","date_gmt":"2024-08-20T14:13:41","guid":{"rendered":"https:\/\/olimpiaequitacio.com\/rutas-a-caballo\/"},"modified":"2026-02-13T11:26:42","modified_gmt":"2026-02-13T11:26:42","slug":"rutas-a-caballo","status":"publish","type":"page","link":"https:\/\/olimpiaequitacio.com\/en\/servicios\/rutas-a-caballo\/","title":{"rendered":"Rutas a caballo"},"content":{"rendered":"<section class=\"header_15_2\" id=\"\" style=\"background-image:url('https:\/\/olimpiaequitacio.com\/wp-content\/uploads\/2025\/02\/IMG_6232-scaled.jpg');\"\r\n    aria-label=\"\" data-block-id=\"69d5139185f3e69d5139185f40\" data-block-name=\"acf\/header-15-2\" data-post-id=\"271\" data-stable-id=\"block_0f9de46544603c766fe2d62061924379\">\r\n    <div class=\"mask\"><\/div>\r\n    <div class=\"container\" data-aos=\"fade-up\">\r\n        <div class=\"row\">\r\n            <div class=\"col \">\r\n                                <h1 class=\"tamano2 color-2-headings-light\">Rutas a Caballo<\/h1>\r\n                                                <div class=\"texto tamano7 color-2-headings-light\"><p>Explora la naturaleza desde un punto de vista \u00fanico con nuestras rutas a caballo. En <strong data-start=\"218\" data-end=\"239\">Olimpia Equitaci\u00f3<\/strong> te ofrecemos paseos guiados por parajes espectaculares, ideales tanto para principiantes como para jinetes con experiencia.<\/p>\n<p>Disfruta del paisaje, la tranquilidad y la conexi\u00f3n con el caballo mientras recorres senderos adaptados a todos los niveles. Una forma perfecta de desconectar y vivir una aventura en contacto con la naturaleza.<\/p>\n<\/div>\r\n                            <\/div>\r\n        <\/div>\r\n    <\/div>\r\n<\/section>\r\n<style>\r\n    .header_15_2 .col {\r\n        max-width: 895px;\r\n    }\r\n\r\n    .header_15_2 .mask {\r\n        background: rgba(18, 18, 18, 0.50);\r\n        \/* background: rgba(255, 255, 255, 0.50); *\/\r\n        position: absolute;\r\n        top: 0;\r\n        left: 0;\r\n        width: 100%;\r\n        height: 100%;\r\n    }\r\n\r\n    .header_15_2 h1 {\r\n        padding-bottom: 25px;\r\n    }\r\n\r\n    .header_15_2 {\r\n        position: relative;\r\n        min-height: 500px;\r\n        background-position: center;\r\n        background-repeat: no-repeat;\r\n        background-size: cover;\r\n        padding: 150px 0;\r\n        display: flex;\r\n        align-items: center;\r\n        padding-top: 195px\r\n    }\r\n\r\n    .header_15_2-center {\r\n        text-align: center;\r\n        margin: 0 auto;\r\n    }\r\n\r\n    @media (max-width:992px) {\r\n        .header_15_2 {\r\n            padding: 100px 0;\r\n            min-height: auto;\r\n        }\r\n    }\r\n\r\n    @media (max-width:768px) {\r\n        .header_15_2 h1 {\r\n            line-height: var(--tamano3-line-height);\r\n        }\r\n\r\n        .header_15_2 {\r\n            padding: 180px 0 100px;\r\n        }\r\n    }\r\n<\/style>\r\n\n\n<section class=\"services_12_1 background-1-light\" id=\"\" data-block-id=\"69d513918955569d5139189556\" data-block-name=\"acf\/services-12-1\" data-post-id=\"271\" data-stable-id=\"block_688947ff0cc3649c47e7abbc3f73350a\">\r\n    <div class=\"container\">\r\n                <div class=\"row row1\">\r\n            <div class=\"col col-imagen\" data-aos=\"fade-right\">\r\n                                <img decoding=\"async\" src=\"https:\/\/olimpiaequitacio.com\/wp-content\/uploads\/2026\/02\/image-1.png\" alt=\"\" title=\"image (1)\">\r\n                            <\/div>\r\n            <div class=\"col col-texto\" data-aos=\"fade-left\">\r\n                                <h2 class=\"tamano3 color-1-headings-dark\"><span class=\"ez-toc-section\" id=\"RUTA_CORTA\"><\/span>\r\n                    RUTA CORTA                <span class=\"ez-toc-section-end\"><\/span><\/h2>\r\n                                                <div class=\"texto tamano7 color-1-body-dark\">\r\n                    <div id=\"comp-jk89h2ep__item1\" class=\"Z_l5lU MMl86N zQ9jDz qvSjx3 Vq6kJx comp-jk89h2ep wixui-rich-text\" data-testid=\"richTextElement\">\n<p class=\"font_7 wixui-rich-text__text\"><span class=\"wixui-rich-text__text\">EXCURSI\u00d3N A CABALLO DE\u00a01 HORA\u00a0APROXIMADA<\/span><\/p>\n<\/div>\n<div id=\"comp-jk89h2f3__item1\" class=\"Z_l5lU MMl86N zQ9jDz qvSjx3 Vq6kJx comp-jk89h2f3 wixui-rich-text\" data-testid=\"richTextElement\">\n<p class=\"font_8 wixui-rich-text__text\"><span class=\"wixui-rich-text__text\">Disfrutaremos de una excursi\u00f3n por los alrededores del centro, entre campos y bosques, en plena naturaleza. Una experiencia s\u00faper desintoxicante y neutralizadora.\u00a0<\/span><\/p>\n<p class=\"font_8 wixui-rich-text__text\"><span class=\"wixui-rich-text__text\">RECOMENDADA PARA PERSONAS QUE NUNCA HAN MONTADO A CABALLO.<\/span><\/p>\n<\/div>\n<div id=\"comp-lmhmmuun__item1\" class=\"Z_l5lU ku3DBC zQ9jDz qvSjx3 Vq6kJx comp-lmhmmuun wixui-rich-text\" data-testid=\"richTextElement\">\n<h2 class=\"font_2 wixui-rich-text__text\" style=\"text-align: center;\"><span class=\"ez-toc-section\" id=\"37Epersona\"><\/span>37\u20ac<span class=\"wixui-rich-text__text\">\/persona<\/span><span class=\"ez-toc-section-end\"><\/span><\/h2>\n<p style=\"text-align: center;\"><span class=\"wixui-rich-text__text\">*reservar con antelaci\u00f3n<\/span><span class=\"wixui-rich-text__text\">\u00a0\/ m\u00ednimo 2 personas<\/span><\/p>\n<\/div>\n                <\/div>\r\n                                                <a href=\"https:\/\/api.whatsapp.com\/send\/?phone=680148997&#038;text&#038;type=phone_number&#038;app_absent=0\" target=\"\"\r\n                    class=\"btn-round tamano-7-mediumcta color-boton-1-texto-normal color-boton-1-texto-hover color-boton-1-normal color-boton-1-hover\">\r\n                    Reservas                <\/a>\r\n                            <\/div>\r\n        <\/div>\r\n        <div class=\"row row2\">\r\n            <div class=\"col col-imagen\" data-aos=\"fade-left\">\r\n                                <img decoding=\"async\" src=\"https:\/\/olimpiaequitacio.com\/wp-content\/uploads\/2026\/02\/image-2.png\" alt=\"\" title=\"image (2)\">\r\n                            <\/div>\r\n            <div class=\"col col-texto\" data-aos=\"fade-right\">\r\n                                <h2 class=\"tamano3 color-1-headings-dark\"><span class=\"ez-toc-section\" id=\"RUTA_LARGA\"><\/span>\r\n                    RUTA LARGA                <span class=\"ez-toc-section-end\"><\/span><\/h2>\r\n                                                <div class=\"texto tamano7 color-1-body-dark\">\r\n                    <div id=\"comp-jk89h2ep__item2\" class=\"Z_l5lU MMl86N zQ9jDz qvSjx3 Vq6kJx comp-jk89h2ep wixui-rich-text\" data-testid=\"richTextElement\">\n<p class=\"font_7 wixui-rich-text__text\"><span class=\"wixui-rich-text__text\">EXCURSI\u00d3N A CABALLO DE 2 HORAS APROXIMADAS<\/span><\/p>\n<\/div>\n<div id=\"comp-jk89h2f3__item2\" class=\"Z_l5lU MMl86N zQ9jDz qvSjx3 Vq6kJx comp-jk89h2f3 wixui-rich-text\" data-testid=\"richTextElement\">\n<p class=\"font_8 wixui-rich-text__text\"><span class=\"wixui-rich-text__text\">Nos aventuraremos en una excursi\u00f3n m\u00e1s larga con alg\u00fan desnivel, una actividad apasionante e inolvidable, donde descubrir\u00e1s la conexi\u00f3n que nace con estos seres.\u00a0<\/span><\/p>\n<p class=\"font_8 wixui-rich-text__text\"><span class=\"wixui-rich-text__text\">RECOMENDADA PARA PERSONAS QUE TIENEN NIVEL BAJO DE MONTA A CABALLO<\/span><\/p>\n<p class=\"font_8 wixui-rich-text__text\"><span class=\"wixui-rich-text__text\"><span class=\"wixGuard wixui-rich-text__text\">\u200b<\/span><\/span><\/p>\n<\/div>\n<div id=\"comp-lmhmmuun__item2\" class=\"Z_l5lU ku3DBC zQ9jDz qvSjx3 Vq6kJx comp-lmhmmuun wixui-rich-text\" data-testid=\"richTextElement\">\n<h2 class=\"font_2 wixui-rich-text__text\" style=\"text-align: center;\"><span class=\"ez-toc-section\" id=\"65Epersona\"><\/span>65\u20ac<span class=\"wixui-rich-text__text\">\/persona<\/span><span class=\"ez-toc-section-end\"><\/span><\/h2>\n<p style=\"text-align: center;\">*reservar con antelaci\u00f3n \/ m\u00ednimo 2 personas<\/p>\n<\/div>\n                <\/div>\r\n                                                <a href=\"https:\/\/api.whatsapp.com\/send\/?phone=680148997&#038;text&#038;type=phone_number&#038;app_absent=0\" target=\"\"\r\n                    class=\"btn-round tamano-7-mediumcta color-boton-1-texto-normal color-boton-1-texto-hover color-boton-1-normal color-boton-1-hover\">\r\n                    Reservas                <\/a>\r\n                            <\/div>\r\n        <\/div>\r\n        \r\n    <\/div>\r\n<\/section>\r\n<style>\r\n    .services_12_1 .row .col-texto {\r\n        padding-top: 40px;\r\n        max-width: 585px;\r\n        width: 100%;\r\n    }\r\n\r\n    .services_12_1 .container {\r\n        display: flex;\r\n        flex-direction: column;\r\n        gap: 115px;\r\n    }\r\n\r\n    .services_12_1 .row.row2 {\r\n        flex-direction: row-reverse;\r\n    }\r\n\r\n    .services_12_1 .row {\r\n        display: flex;\r\n        gap: 180px;\r\n    }\r\n\r\n    .services_12_1 .row:not(.row2) img {\r\n        width: calc(100% - 30px);\r\n        margin-right: auto;\r\n    }\r\n\r\n    .services_12_1 .row.row2 img {\r\n        width: calc(100% - 30px);\r\n        margin-left: auto;\r\n    }\r\n\r\n    .services_12_1 .btn-round {\r\n        border-radius: 60px;\r\n        padding: 12px 25px;\r\n        display: inline-block;\r\n        min-width: 175px;\r\n        text-align: center;\r\n        text-decoration: none;\r\n    }\r\n\r\n    .services_12_1 .texto *:last-child {\r\n        padding-bottom: 0;\r\n    }\r\n\r\n    .services_12_1 .col-imagen .video {\r\n        width: 100%;\r\n    }\r\n\r\n    .services_12_1 .col-imagen iframe {\r\n        width: 100%;\r\n        height: 100%;\r\n        min-height: 537px;\r\n    }\r\n\r\n    .services_12_1 img {\r\n        width: 100%;\r\n    }\r\n\r\n    .services_12_1 .texto {\r\n        padding-bottom: 30px;\r\n    }\r\n\r\n    .services_12_1 .texto * {\r\n        padding-bottom: 20px;\r\n    }\r\n\r\n    .services_12_1 h2 {\r\n        padding-bottom: 45px;\r\n    }\r\n\r\n    .services_12_1 {\r\n        padding: 80px 150px;\r\n        position: relative;\r\n    }\r\n\r\n    @media (max-width:1750px) {\r\n        .services_12_1 {\r\n            padding-left: 50px;\r\n            padding-right: 50px;\r\n        }\r\n    }\r\n\r\n    @media (max-width:1550px) {\r\n        .services_12_1 .row {\r\n            gap: 100px;\r\n        }\r\n    }\r\n\r\n    @media (max-width:1350px) {\r\n        .services_12_1 .row {\r\n            gap: 30px;\r\n        }\r\n\r\n        .services_12_1 {\r\n            padding-left: 0;\r\n            padding-right: 0;\r\n        }\r\n    }\r\n\r\n    @media (max-width:992px) {\r\n\r\n        .services_12_1 .container {\r\n            gap: 35px;\r\n        }\r\n\r\n\r\n        .services_12_1 .row:not(.row2) img,\r\n        .services_12_1 .row.row2 img {\r\n            width: 100%;\r\n        }\r\n\r\n        .services_12_1 .col-imagen iframe {\r\n            min-height: 475px;\r\n        }\r\n\r\n        .services_12_1 .row.row2 {\r\n            flex-direction: column;\r\n            gap: 0;\r\n        }\r\n\r\n        .services_12_1 .row {\r\n            flex-direction: column;\r\n            gap: 0;\r\n        }\r\n\r\n        .services_12_1 .row .col-texto {\r\n            max-width: 100%;\r\n        }\r\n\r\n        .services_12_1 h2 {\r\n            padding-bottom: 35px;\r\n        }\r\n\r\n        .services_12_1 {\r\n            padding: 40px 0;\r\n        }\r\n    }\r\n\r\n    @media (max-width:768px) {\r\n        .services_12_1 .col-imagen iframe {\r\n            min-height: 310px;\r\n        }\r\n    }\r\n<\/style>\r\n\n\n<section class=\"services_12_1 background-1-light\" id=\"\" data-block-id=\"69d513919167169d5139191672\" data-block-name=\"acf\/services-12-1\" data-post-id=\"271\" data-stable-id=\"block_d093f3d45e815b9ed08e99dd144c31dd\">\r\n    <div class=\"container\">\r\n                <div class=\"row row1\">\r\n            <div class=\"col col-imagen\" data-aos=\"fade-right\">\r\n                                <img decoding=\"async\" src=\"https:\/\/olimpiaequitacio.com\/wp-content\/uploads\/2026\/02\/IMG_1025-scaled.jpg\" alt=\"\" title=\"IMG_1025\">\r\n                            <\/div>\r\n            <div class=\"col col-texto\" data-aos=\"fade-left\">\r\n                                <h2 class=\"tamano3 color-1-headings-dark\"><span class=\"ez-toc-section\" id=\"RUTAS_COMPLETAS\"><\/span>\r\n                     RUTAS COMPLETAS                <span class=\"ez-toc-section-end\"><\/span><\/h2>\r\n                                                <div class=\"texto tamano7 color-1-body-dark\">\r\n                    <div id=\"comp-jk89h2ep__item3\" class=\"Z_l5lU MMl86N zQ9jDz qvSjx3 Vq6kJx comp-jk89h2ep wixui-rich-text\" data-testid=\"richTextElement\">\n<p class=\"font_7 wixui-rich-text__text\"><span class=\"wixui-rich-text__text\">EXCURSI\u00d3N A CABALLO NIVEL AVANZADO<\/span><\/p>\n<\/div>\n<div id=\"comp-jk89h2f3__item3\" class=\"Z_l5lU MMl86N zQ9jDz qvSjx3 Vq6kJx comp-jk89h2f3 wixui-rich-text\" data-testid=\"richTextElement\">\n<p class=\"font_8 wixui-rich-text__text\"><span class=\"wixui-rich-text__text\">Solo para los m\u00e1s atrevidos con cierto nivel de equitaci\u00f3n, previamente certificado.\u00a0<\/span><\/p>\n<p class=\"font_8 wixui-rich-text__text\"><span class=\"wixui-rich-text__text\">Organizaremos rutas cortas con paso, trote y galope.\u00a0\u00a0<\/span><\/p>\n<p class=\"font_8 wixui-rich-text__text\"><span class=\"wixui-rich-text__text\">Tambi\u00e9n organizaremos rutas\u00a0m\u00e1s largas al Pant\u00e0 del Foix, Parc del Garraf i d&#8217;altres.\u00a0<\/span><\/p>\n<p class=\"font_8 wixui-rich-text__text\"><span class=\"wixui-rich-text__text\"><span class=\"wixGuard wixui-rich-text__text\">\u200b<\/span><\/span><\/p>\n<\/div>\n<div id=\"comp-lmhmmuun__item3\" class=\"Z_l5lU ku3DBC zQ9jDz qvSjx3 Vq6kJx comp-lmhmmuun wixui-rich-text\" data-testid=\"richTextElement\">\n<h2 class=\"font_2 wixui-rich-text__text\" style=\"text-align: center;\"><span class=\"ez-toc-section\" id=\"a_convenir\"><\/span>a convenir<span class=\"ez-toc-section-end\"><\/span><\/h2>\n<p style=\"text-align: center;\">*m\u00ednimo 6 personas \/ reservar con antelaci\u00f3n \/\u00a0 prueba de nivel\u00a0no incluida en el precio.<\/p>\n<\/div>\n                <\/div>\r\n                                                <a href=\"https:\/\/api.whatsapp.com\/send\/?phone=680148997&#038;text&#038;type=phone_number&#038;app_absent=0\" target=\"\"\r\n                    class=\"btn-round tamano-7-mediumcta color-boton-1-texto-normal color-boton-1-texto-hover color-boton-1-normal color-boton-1-hover\">\r\n                    Reservas                <\/a>\r\n                            <\/div>\r\n        <\/div>\r\n        <div class=\"row row2\">\r\n            <div class=\"col col-imagen\" data-aos=\"fade-left\">\r\n                                <img decoding=\"async\" src=\"https:\/\/olimpiaequitacio.com\/wp-content\/dg-theme-addons\/services_12-1\/\/741x537.jpg\" alt=\"\" title=\"\">\r\n                            <\/div>\r\n            <div class=\"col col-texto\" data-aos=\"fade-right\">\r\n                                                <div class=\"texto tamano7 color-1-body-dark\">\r\n                    <p>&nbsp;<\/p>\n<p>&nbsp;<\/p>\n<p style=\"text-align: center;\">Una experiencia \u00fanica y divertida , conexi\u00f3n con los animales y la naturaleza<\/p>\n                <\/div>\r\n                                                <a href=\"https:\/\/api.whatsapp.com\/send\/?phone=680148997&#038;text&#038;type=phone_number&#038;app_absent=0\" target=\"\"\r\n                    class=\"btn-round tamano-7-mediumcta color-boton-1-texto-normal color-boton-1-texto-hover color-boton-1-normal color-boton-1-hover\">\r\n                    Conocenos                <\/a>\r\n                            <\/div>\r\n        <\/div>\r\n        \r\n    <\/div>\r\n<\/section>\r\n<style>\r\n    .services_12_1 .row .col-texto {\r\n        padding-top: 40px;\r\n        max-width: 585px;\r\n        width: 100%;\r\n    }\r\n\r\n    .services_12_1 .container {\r\n        display: flex;\r\n        flex-direction: column;\r\n        gap: 115px;\r\n    }\r\n\r\n    .services_12_1 .row.row2 {\r\n        flex-direction: row-reverse;\r\n    }\r\n\r\n    .services_12_1 .row {\r\n        display: flex;\r\n        gap: 180px;\r\n    }\r\n\r\n    .services_12_1 .row:not(.row2) img {\r\n        width: calc(100% - 30px);\r\n        margin-right: auto;\r\n    }\r\n\r\n    .services_12_1 .row.row2 img {\r\n        width: calc(100% - 30px);\r\n        margin-left: auto;\r\n    }\r\n\r\n    .services_12_1 .btn-round {\r\n        border-radius: 60px;\r\n        padding: 12px 25px;\r\n        display: inline-block;\r\n        min-width: 175px;\r\n        text-align: center;\r\n        text-decoration: none;\r\n    }\r\n\r\n    .services_12_1 .texto *:last-child {\r\n        padding-bottom: 0;\r\n    }\r\n\r\n    .services_12_1 .col-imagen .video {\r\n        width: 100%;\r\n    }\r\n\r\n    .services_12_1 .col-imagen iframe {\r\n        width: 100%;\r\n        height: 100%;\r\n        min-height: 537px;\r\n    }\r\n\r\n    .services_12_1 img {\r\n        width: 100%;\r\n    }\r\n\r\n    .services_12_1 .texto {\r\n        padding-bottom: 30px;\r\n    }\r\n\r\n    .services_12_1 .texto * {\r\n        padding-bottom: 20px;\r\n    }\r\n\r\n    .services_12_1 h2 {\r\n        padding-bottom: 45px;\r\n    }\r\n\r\n    .services_12_1 {\r\n        padding: 80px 150px;\r\n        position: relative;\r\n    }\r\n\r\n    @media (max-width:1750px) {\r\n        .services_12_1 {\r\n            padding-left: 50px;\r\n            padding-right: 50px;\r\n        }\r\n    }\r\n\r\n    @media (max-width:1550px) {\r\n        .services_12_1 .row {\r\n            gap: 100px;\r\n        }\r\n    }\r\n\r\n    @media (max-width:1350px) {\r\n        .services_12_1 .row {\r\n            gap: 30px;\r\n        }\r\n\r\n        .services_12_1 {\r\n            padding-left: 0;\r\n            padding-right: 0;\r\n        }\r\n    }\r\n\r\n    @media (max-width:992px) {\r\n\r\n        .services_12_1 .container {\r\n            gap: 35px;\r\n        }\r\n\r\n\r\n        .services_12_1 .row:not(.row2) img,\r\n        .services_12_1 .row.row2 img {\r\n            width: 100%;\r\n        }\r\n\r\n        .services_12_1 .col-imagen iframe {\r\n            min-height: 475px;\r\n        }\r\n\r\n        .services_12_1 .row.row2 {\r\n            flex-direction: column;\r\n            gap: 0;\r\n        }\r\n\r\n        .services_12_1 .row {\r\n            flex-direction: column;\r\n            gap: 0;\r\n        }\r\n\r\n        .services_12_1 .row .col-texto {\r\n            max-width: 100%;\r\n        }\r\n\r\n        .services_12_1 h2 {\r\n            padding-bottom: 35px;\r\n        }\r\n\r\n        .services_12_1 {\r\n            padding: 40px 0;\r\n        }\r\n    }\r\n\r\n    @media (max-width:768px) {\r\n        .services_12_1 .col-imagen iframe {\r\n            min-height: 310px;\r\n        }\r\n    }\r\n<\/style>\r\n","protected":false},"excerpt":{"rendered":"","protected":false},"author":2,"featured_media":956,"parent":274,"menu_order":0,"comment_status":"open","ping_status":"closed","template":"","meta":{"_acf_changed":false,"iawp_total_views":6,"footnotes":""},"class_list":["post-271","page","type-page","status-publish","has-post-thumbnail","hentry"],"acf":[],"yoast_head":"<!-- This site is optimized with the Yoast SEO plugin v27.3 - https:\/\/yoast.com\/product\/yoast-seo-wordpress\/ -->\n<title>Rutas a Caballo en Olimpia Equitaci\u00f3<\/title>\n<meta name=\"description\" content=\"Explora la naturaleza con las rutas a caballo de Olimpia Equitaci\u00f3. Disfruta de paseos guiados para todos los niveles mientras te conectas con la tranquilidad de los paisajes.\" \/>\n<meta name=\"robots\" content=\"index, follow, max-snippet:-1, max-image-preview:large, max-video-preview:-1\" \/>\n<link rel=\"canonical\" href=\"https:\/\/olimpiaequitacio.com\/en\/servicios\/rutas-a-caballo\/\" \/>\n<meta property=\"og:locale\" content=\"en_US\" \/>\n<meta property=\"og:type\" content=\"article\" \/>\n<meta property=\"og:title\" content=\"Rutas a Caballo en Olimpia Equitaci\u00f3\" \/>\n<meta property=\"og:description\" content=\"Explora la naturaleza con las rutas a caballo de Olimpia Equitaci\u00f3. Disfruta de paseos guiados para todos los niveles mientras te conectas con la tranquilidad de los paisajes.\" \/>\n<meta property=\"og:url\" content=\"https:\/\/olimpiaequitacio.com\/en\/servicios\/rutas-a-caballo\/\" \/>\n<meta property=\"og:site_name\" content=\"OLIMPIA EQUITACI\u00d3\" \/>\n<meta property=\"article:modified_time\" content=\"2026-02-13T11:26:42+00:00\" \/>\n<meta name=\"twitter:card\" content=\"summary_large_image\" \/>\n<!-- \/ Yoast SEO plugin. -->","yoast_head_json":{"title":"Rutas a Caballo en Olimpia Equitaci\u00f3","description":"Explora la naturaleza con las rutas a caballo de Olimpia Equitaci\u00f3. Disfruta de paseos guiados para todos los niveles mientras te conectas con la tranquilidad de los paisajes.","robots":{"index":"index","follow":"follow","max-snippet":"max-snippet:-1","max-image-preview":"max-image-preview:large","max-video-preview":"max-video-preview:-1"},"canonical":"https:\/\/olimpiaequitacio.com\/en\/servicios\/rutas-a-caballo\/","og_locale":"en_US","og_type":"article","og_title":"Rutas a Caballo en Olimpia Equitaci\u00f3","og_description":"Explora la naturaleza con las rutas a caballo de Olimpia Equitaci\u00f3. Disfruta de paseos guiados para todos los niveles mientras te conectas con la tranquilidad de los paisajes.","og_url":"https:\/\/olimpiaequitacio.com\/en\/servicios\/rutas-a-caballo\/","og_site_name":"OLIMPIA EQUITACI\u00d3","article_modified_time":"2026-02-13T11:26:42+00:00","twitter_card":"summary_large_image","schema":{"@context":"https:\/\/schema.org","@graph":[{"@type":"WebPage","@id":"https:\/\/olimpiaequitacio.com\/en\/servicios\/rutas-a-caballo\/","url":"https:\/\/olimpiaequitacio.com\/en\/servicios\/rutas-a-caballo\/","name":"Rutas a Caballo en Olimpia Equitaci\u00f3","isPartOf":{"@id":"https:\/\/olimpiaequitacio.com\/en\/#website"},"primaryImageOfPage":{"@id":"https:\/\/olimpiaequitacio.com\/en\/servicios\/rutas-a-caballo\/#primaryimage"},"image":{"@id":"https:\/\/olimpiaequitacio.com\/en\/servicios\/rutas-a-caballo\/#primaryimage"},"thumbnailUrl":"https:\/\/olimpiaequitacio.com\/wp-content\/uploads\/2025\/02\/IMG_3937-scaled.jpg","datePublished":"2024-08-20T14:13:41+00:00","dateModified":"2026-02-13T11:26:42+00:00","description":"Explora la naturaleza con las rutas a caballo de Olimpia Equitaci\u00f3. Disfruta de paseos guiados para todos los niveles mientras te conectas con la tranquilidad de los paisajes.","breadcrumb":{"@id":"https:\/\/olimpiaequitacio.com\/en\/servicios\/rutas-a-caballo\/#breadcrumb"},"inLanguage":"en-US","potentialAction":[{"@type":"ReadAction","target":["https:\/\/olimpiaequitacio.com\/en\/servicios\/rutas-a-caballo\/"]}]},{"@type":"ImageObject","inLanguage":"en-US","@id":"https:\/\/olimpiaequitacio.com\/en\/servicios\/rutas-a-caballo\/#primaryimage","url":"https:\/\/olimpiaequitacio.com\/wp-content\/uploads\/2025\/02\/IMG_3937-scaled.jpg","contentUrl":"https:\/\/olimpiaequitacio.com\/wp-content\/uploads\/2025\/02\/IMG_3937-scaled.jpg","width":1920,"height":2560},{"@type":"BreadcrumbList","@id":"https:\/\/olimpiaequitacio.com\/en\/servicios\/rutas-a-caballo\/#breadcrumb","itemListElement":[{"@type":"ListItem","position":1,"name":"Portada","item":"https:\/\/olimpiaequitacio.com\/en\/"},{"@type":"ListItem","position":2,"name":"Servicios","item":"https:\/\/olimpiaequitacio.com\/en\/servicios\/"},{"@type":"ListItem","position":3,"name":"Rutas a caballo"}]},{"@type":"WebSite","@id":"https:\/\/olimpiaequitacio.com\/en\/#website","url":"https:\/\/olimpiaequitacio.com\/en\/","name":"OLIMPIA EQUITACI\u00d3","description":"","publisher":{"@id":"https:\/\/olimpiaequitacio.com\/en\/#organization"},"potentialAction":[{"@type":"SearchAction","target":{"@type":"EntryPoint","urlTemplate":"https:\/\/olimpiaequitacio.com\/en\/?s={search_term_string}"},"query-input":{"@type":"PropertyValueSpecification","valueRequired":true,"valueName":"search_term_string"}}],"inLanguage":"en-US"},{"@type":"Organization","@id":"https:\/\/olimpiaequitacio.com\/en\/#organization","name":"OLIMPIA EQUITACI\u00d3","url":"https:\/\/olimpiaequitacio.com\/en\/","logo":{"@type":"ImageObject","inLanguage":"en-US","@id":"https:\/\/olimpiaequitacio.com\/en\/#\/schema\/logo\/image\/","url":"https:\/\/olimpiaequitacio.com\/wp-content\/uploads\/2024\/08\/66bf767627748_43763_2aa345187fec45118b5c044528e6cabd.png","contentUrl":"https:\/\/olimpiaequitacio.com\/wp-content\/uploads\/2024\/08\/66bf767627748_43763_2aa345187fec45118b5c044528e6cabd.png","width":1057,"height":970,"caption":"OLIMPIA EQUITACI\u00d3"},"image":{"@id":"https:\/\/olimpiaequitacio.com\/en\/#\/schema\/logo\/image\/"}}]}},"_links":{"self":[{"href":"https:\/\/olimpiaequitacio.com\/en\/wp-json\/wp\/v2\/pages\/271","targetHints":{"allow":["GET"]}}],"collection":[{"href":"https:\/\/olimpiaequitacio.com\/en\/wp-json\/wp\/v2\/pages"}],"about":[{"href":"https:\/\/olimpiaequitacio.com\/en\/wp-json\/wp\/v2\/types\/page"}],"author":[{"embeddable":true,"href":"https:\/\/olimpiaequitacio.com\/en\/wp-json\/wp\/v2\/users\/2"}],"replies":[{"embeddable":true,"href":"https:\/\/olimpiaequitacio.com\/en\/wp-json\/wp\/v2\/comments?post=271"}],"version-history":[{"count":14,"href":"https:\/\/olimpiaequitacio.com\/en\/wp-json\/wp\/v2\/pages\/271\/revisions"}],"predecessor-version":[{"id":1513,"href":"https:\/\/olimpiaequitacio.com\/en\/wp-json\/wp\/v2\/pages\/271\/revisions\/1513"}],"up":[{"embeddable":true,"href":"https:\/\/olimpiaequitacio.com\/en\/wp-json\/wp\/v2\/pages\/274"}],"wp:featuredmedia":[{"embeddable":true,"href":"https:\/\/olimpiaequitacio.com\/en\/wp-json\/wp\/v2\/media\/956"}],"wp:attachment":[{"href":"https:\/\/olimpiaequitacio.com\/en\/wp-json\/wp\/v2\/media?parent=271"}],"curies":[{"name":"wp","href":"https:\/\/api.w.org\/{rel}","templated":true}]}}