{"id":285,"date":"2024-08-20T14:16:15","date_gmt":"2024-08-20T14:16:15","guid":{"rendered":"https:\/\/olimpiaequitacio.com\/equipo\/"},"modified":"2025-08-20T14:16:51","modified_gmt":"2025-08-20T14:16:51","slug":"equipo","status":"publish","type":"page","link":"https:\/\/olimpiaequitacio.com\/fr\/equipo\/","title":{"rendered":"Equipo"},"content":{"rendered":"<section class=\"header_15_2\" id=\"\" style=\"background-image:url('https:\/\/olimpiaequitacio.com\/wp-content\/uploads\/2024\/11\/Leonardo_Vision_XL_Imagen_con_un_elegante_fondo_natural_de_un_0.jpg');\"\r\n    aria-label=\"\" data-block-id=\"69d51391880bc69d51391880be\" data-block-name=\"acf\/header-15-2\" data-post-id=\"285\" data-stable-id=\"block_f83888713c425d65de2269355bca19a1\">\r\n    <div class=\"mask\"><\/div>\r\n    <div class=\"container\" data-aos=\"fade-up\">\r\n        <div class=\"row\">\r\n            <div class=\"col \">\r\n                                <h1 class=\"tamano2 color-2-headings-light\">Olimpia Equitaci\u00f3<\/h1>\r\n                                                <div class=\"texto tamano7 color-2-headings-light\"><p>Descubre la pasi\u00f3n por la equitaci\u00f3n en Olimpia Equitaci\u00f3. Ofrecemos clases personalizadas para ni\u00f1os y adultos, en un ambiente familiar. Disfruta de rutas a caballo, campus de vacaciones y celebra aniversarios \u00fanicos. Nuestro compromiso es el bienestar y disfrute de cada alumno en su aprendizaje.<\/p>\n<\/div>\r\n                            <\/div>\r\n        <\/div>\r\n    <\/div>\r\n<\/section>\r\n<style>\r\n    .header_15_2 .col {\r\n        max-width: 895px;\r\n    }\r\n\r\n    .header_15_2 .mask {\r\n        background: rgba(18, 18, 18, 0.50);\r\n        \/* background: rgba(255, 255, 255, 0.50); *\/\r\n        position: absolute;\r\n        top: 0;\r\n        left: 0;\r\n        width: 100%;\r\n        height: 100%;\r\n    }\r\n\r\n    .header_15_2 h1 {\r\n        padding-bottom: 25px;\r\n    }\r\n\r\n    .header_15_2 {\r\n        position: relative;\r\n        min-height: 500px;\r\n        background-position: center;\r\n        background-repeat: no-repeat;\r\n        background-size: cover;\r\n        padding: 150px 0;\r\n        display: flex;\r\n        align-items: center;\r\n        padding-top: 195px\r\n    }\r\n\r\n    .header_15_2-center {\r\n        text-align: center;\r\n        margin: 0 auto;\r\n    }\r\n\r\n    @media (max-width:992px) {\r\n        .header_15_2 {\r\n            padding: 100px 0;\r\n            min-height: auto;\r\n        }\r\n    }\r\n\r\n    @media (max-width:768px) {\r\n        .header_15_2 h1 {\r\n            line-height: var(--tamano3-line-height);\r\n        }\r\n\r\n        .header_15_2 {\r\n            padding: 180px 0 100px;\r\n        }\r\n    }\r\n<\/style>\r\n\n\n<section class=\"team_4_1\" id=\"\" data-block-id=\"69d513918b77469d513918b775\" data-block-name=\"acf\/team-4-1\" data-post-id=\"285\" data-stable-id=\"block_1f2ab0c66b11e364e16cf809f79e005e\">\r\n    <div class=\"miembros background-1-light\">\r\n        <div class=\"container\">\r\n            <div class=\"row\">\r\n                <div class=\"col col-top\" data-aos=\"fade-up\">\r\n                                        <h2 class=\"tamano2 color-1-headings-dark\"><span class=\"ez-toc-section\" id=\"Nuestro_Team\"><\/span>\r\n                        Nuestro Team                    <span class=\"ez-toc-section-end\"><\/span><\/h2>\r\n                                                            <div class=\"texto tamano6-boldcta color-1-body-dark\">\r\n                        <p>En Olimpia Equitaci\u00f3, creamos experiencias \u00fanicas en equitaci\u00f3n con atenci\u00f3n personalizada, impulsando el amor por los caballos y su bienestar.<\/p>\n                    <\/div>\r\n                                                            <img decoding=\"async\" src=\"https:\/\/olimpiaequitacio.com\/wp-content\/uploads\/2024\/11\/Leonardo_Vision_XL_Una_imagen_que_refleje_la_esencia_de_una_es_0.jpg\" alt=\"\" title=\"Leonardo_Vision_XL_Una_imagen_que_refleje_la_esencia_de_una_es_0\">\r\n                                    <\/div>\r\n                <div class=\"col\">\r\n                                        <h3 class=\"tamano2 color-1-headings-dark\" data-aos=\"fade-up\">\r\n                        Nuestro Team                    <\/h3>\r\n                                        <div class=\"equipoCont\">\r\n                                                <div class=\"equipo-item\" data-aos=\"fade-up\">\r\n                            <div class=\"imagen\" style=\"background-image: url('https:\/\/olimpiaequitacio.com\/wp-content\/dg-theme-addons\/team_4-1\/\/587x173.jpg');\"\r\n                                aria-label=\"\">\r\n                                <div class=\"mask\"><\/div>\r\n                                <div class=\"meta\">\r\n                                                                        <div class=\"nombre tamano4 color-2-headings-light\">\r\n                                        Luc\u00eda                                    <\/div>\r\n                                    \r\n                                                                        <div class=\"cargo tamano6-boldcta color-2-body-light\">\r\n                                        Gu\u00eda                                    <\/div>\r\n                                    \r\n                                                                    <\/div>\r\n                            <\/div>\r\n\r\n                        <\/div>\r\n                                                <div class=\"equipo-item\" data-aos=\"fade-up\">\r\n                            <div class=\"imagen\" style=\"background-image: url('https:\/\/olimpiaequitacio.com\/wp-content\/dg-theme-addons\/team_4-1\/\/587x173.jpg');\"\r\n                                aria-label=\"\">\r\n                                <div class=\"mask\"><\/div>\r\n                                <div class=\"meta\">\r\n                                                                        <div class=\"nombre tamano4 color-2-headings-light\">\r\n                                        Olivia                                    <\/div>\r\n                                    \r\n                                                                        <div class=\"cargo tamano6-boldcta color-2-body-light\">\r\n                                        Gu\u00eda                                    <\/div>\r\n                                    \r\n                                                                    <\/div>\r\n                            <\/div>\r\n\r\n                        <\/div>\r\n                                                <div class=\"equipo-item\" data-aos=\"fade-up\">\r\n                            <div class=\"imagen\" style=\"background-image: url('https:\/\/olimpiaequitacio.com\/wp-content\/dg-theme-addons\/team_4-1\/\/587x173.jpg');\"\r\n                                aria-label=\"\">\r\n                                <div class=\"mask\"><\/div>\r\n                                <div class=\"meta\">\r\n                                                                        <div class=\"nombre tamano4 color-2-headings-light\">\r\n                                        Olimpi                                    <\/div>\r\n                                    \r\n                                                                        <div class=\"cargo tamano6-boldcta color-2-body-light\">\r\n                                        Gu\u00eda                                    <\/div>\r\n                                    \r\n                                                                    <\/div>\r\n                            <\/div>\r\n\r\n                        <\/div>\r\n                                                <div class=\"equipo-item\" data-aos=\"fade-up\">\r\n                            <div class=\"imagen\" style=\"background-image: url('https:\/\/olimpiaequitacio.com\/wp-content\/dg-theme-addons\/team_4-1\/\/587x173.jpg');\"\r\n                                aria-label=\"\">\r\n                                <div class=\"mask\"><\/div>\r\n                                <div class=\"meta\">\r\n                                                                        <div class=\"nombre tamano4 color-2-headings-light\">\r\n                                        Marta                                    <\/div>\r\n                                    \r\n                                                                        <div class=\"cargo tamano6-boldcta color-2-body-light\">\r\n                                        Coach                                    <\/div>\r\n                                    \r\n                                                                    <\/div>\r\n                            <\/div>\r\n\r\n                        <\/div>\r\n                                                <div class=\"equipo-item\" data-aos=\"fade-up\">\r\n                            <div class=\"imagen\" style=\"background-image: url('https:\/\/olimpiaequitacio.com\/wp-content\/dg-theme-addons\/team_4-1\/\/587x173.jpg');\"\r\n                                aria-label=\"\">\r\n                                <div class=\"mask\"><\/div>\r\n                                <div class=\"meta\">\r\n                                                                        <div class=\"nombre tamano4 color-2-headings-light\">\r\n                                        Luc\u00eda                                    <\/div>\r\n                                    \r\n                                                                        <div class=\"cargo tamano6-boldcta color-2-body-light\">\r\n                                        Coach                                    <\/div>\r\n                                    \r\n                                                                    <\/div>\r\n                            <\/div>\r\n\r\n                        <\/div>\r\n                                            <\/div>\r\n                <\/div>\r\n            <\/div>\r\n        <\/div>\r\n    <\/div>\r\n<\/section>\r\n<style>\r\n    .team_4_1 .btn-round {\r\n        border-radius: 60px;\r\n        padding: 12px 25px;\r\n        display: inline-block;\r\n        margin-top: 55px;\r\n        min-width: 175px;\r\n        text-align: center;\r\n        transition: all ease .3s;\r\n        text-decoration: none;\r\n        transform: none;\r\n    }\r\n\r\n    .team_4_1 h2 {\r\n        padding-bottom: 15px;\r\n    }\r\n\r\n    .team_4_1 .col-top img {\r\n        border-radius: 10px;\r\n        margin-bottom: 100px;\r\n        width: 100%;\r\n    }\r\n\r\n    .team_4_1 .equipo-item .imagen:hover .mask,\r\n    .team_4_1 .equipo-item .imagen:hover .meta {\r\n        opacity: 1;\r\n        visibility: visible;\r\n    }\r\n\r\n    .team_4_1 .equipo-item .imagen .mask {\r\n        background: rgba(0, 0, 0, 0.30);\r\n        width: 100%;\r\n        height: 100%;\r\n        top: 0;\r\n        left: 0;\r\n        border-radius: 50%;\r\n        position: absolute;\r\n        opacity: 0;\r\n        visibility: hidden;\r\n        transition: all ease .3s;\r\n    }\r\n\r\n    .team_4_1 .equipo-item .imagen {\r\n        position: relative;\r\n        padding: 50px 40px;\r\n        display: flex;\r\n        flex-direction: column;\r\n        align-items: center;\r\n        justify-content: end;\r\n    }\r\n\r\n    .team_4_1 .equipo-item .meta {\r\n        opacity: 0;\r\n        visibility: hidden;\r\n        transition: all ease .3s;\r\n        position: relative;\r\n    }\r\n\r\n    .team_4_1 .texto {\r\n        padding-bottom: 30px;\r\n    }\r\n\r\n    .team_4_1 .miembros {\r\n        padding-left: 150px;\r\n        padding-right: 150px;\r\n    }\r\n\r\n    .team_4_1 .miembros h3 {\r\n        padding-bottom: 30px;\r\n        text-align: left;\r\n    }\r\n\r\n    .team_4_1 .miembros .equipoCont .equipo-item .imagen {\r\n        border-radius: 3px;\r\n        height: 435px;\r\n        margin: 0 auto;\r\n        width: 435px;\r\n        border-radius: 50%;\r\n        position: relative;\r\n        background-position: center;\r\n        background-repeat: no-repeat;\r\n        background-size: cover;\r\n    }\r\n\r\n    .team_4_1 .miembros .equipoCont .equipo-item .meta {\r\n        text-align: center;\r\n        padding-top: 50px;\r\n    }\r\n\r\n    .team_4_1 .miembros .equipoCont .equipo-item {\r\n        width: calc(33.33% - 40px);\r\n    }\r\n\r\n    .team_4_1 .miembros .equipoCont {\r\n        display: flex;\r\n        gap: 60px;\r\n        flex-wrap: wrap;\r\n        justify-content: center;\r\n    }\r\n\r\n    .team_4_1 .miembros {\r\n        padding-top: 80px;\r\n    }\r\n\r\n    .team_4_1 .miembros {\r\n        padding-bottom: 80px;\r\n    }\r\n\r\n    @media (max-width:1750px) {\r\n        .team_4_1 .miembros {\r\n            padding-left: 50px;\r\n            padding-right: 50px;\r\n        }\r\n    }\r\n\r\n    @media (max-width:1550px) {\r\n        .team_4_1 .miembros {\r\n            padding-left: 0;\r\n            padding-right: 0;\r\n        }\r\n\r\n        .team_4_1 .miembros .equipoCont .equipo-item .imagen {\r\n            height: 380px;\r\n            width: 380px;\r\n        }\r\n    }\r\n\r\n    @media (max-width:1250px) {\r\n        .team_4_1 .miembros .equipoCont {\r\n            gap: 30px;\r\n        }\r\n\r\n        .team_4_1 .miembros .equipoCont .equipo-item {\r\n            width: calc(50% - 15px);\r\n        }\r\n\r\n        .team_4_1 .miembros .equipoCont .equipo-item .imagen {\r\n            height: 330px;\r\n            width: 330px;\r\n        }\r\n\r\n    }\r\n\r\n    @media (max-width:992px) {\r\n        .team_4_1 .col-top img {\r\n            margin-bottom: 50px;\r\n        }\r\n\r\n        .team_4_1 .miembros .equipoCont .equipo-item .meta {\r\n            padding-top: 35px;\r\n        }\r\n\r\n        .team_4_1 .miembros .equipoCont .equipo-item {\r\n            width: calc(50% - 15px);\r\n        }\r\n\r\n        .team_4_1 .miembros {\r\n            padding-top: 50px;\r\n        }\r\n\r\n        .team_4_1 .miembros h3 {\r\n            padding-bottom: 40px;\r\n        }\r\n\r\n        .team_4_1 .miembros {\r\n            padding-bottom: 40px;\r\n        }\r\n\r\n        .team_4_1 .btn-round {\r\n            margin-top: 20px;\r\n            min-width: auto;\r\n            padding: 8px 20px;\r\n        }\r\n    }\r\n\r\n    @media (max-width:768px) {\r\n        .team_4_1 .miembros .equipoCont .equipo-item {\r\n            width: 100%;\r\n        }\r\n    }\r\n\r\n    @media (max-width:400px) {\r\n        .team_4_1 .miembros .equipoCont .equipo-item .imagen {\r\n            height: 250px;\r\n            width: 250px;\r\n        }\r\n    }\r\n<\/style>\r\n\n\n<section class=\"ctas_2_2 background-1-dark\" id=\"\" data-block-id=\"69d513918f62c69d513918f62d\" data-block-name=\"acf\/cta-2-2\" data-post-id=\"285\" data-stable-id=\"block_a2964b3af14fea11a871ce98e07ecadf\">\r\n    <div class=\"container\">\r\n        <div class=\"row\">\r\n            <div class=\"col\">\r\n                                <div class=\"titulo\">\r\n                    <svg class=\"color-2-headings-light\" xmlns=\"http:\/\/www.w3.org\/2000\/svg\" width=\"38\" height=\"25\"\r\n                        viewBox=\"0 0 38 25\" fill=\"none\">\r\n                        <path\r\n                            d=\"M4.75 2.08333C3.43633 2.08333 2.375 3.01432 2.375 4.16667V6.76432L16.8922 16.1003C18.1465 16.9076 19.8535 16.9076 21.1078 16.1003L35.625 6.76432V4.16667C35.625 3.01432 34.5637 2.08333 33.25 2.08333H4.75ZM2.375 9.34896V20.8333C2.375 21.9857 3.43633 22.9167 4.75 22.9167H33.25C34.5637 22.9167 35.625 21.9857 35.625 20.8333V9.34896L22.5105 17.7799C20.4176 19.1211 17.575 19.1211 15.4895 17.7799L2.375 9.34896ZM0 4.16667C0 1.86849 2.13008 0 4.75 0H33.25C35.8699 0 38 1.86849 38 4.16667V20.8333C38 23.1315 35.8699 25 33.25 25H4.75C2.13008 25 0 23.1315 0 20.8333V4.16667Z\"\r\n                            fill=\"currentColor\" \/>\r\n                    <\/svg>\r\n                    <h2 class=\"tamano3 color-2-headings-light\"><span class=\"ez-toc-section\" id=\"Experiencia_Ecuestre\"><\/span>Experiencia Ecuestre<span class=\"ez-toc-section-end\"><\/span><\/h2>\r\n                <\/div>\r\n                                                <div class=\"texto color-2-body-light tamano7\"><p>Descubre la armon\u00eda y elegancia de la equitaci\u00f3n con nuestros cursos personalizados para todas las edades. Disfruta del aprendizaje en un entorno familiar y seguro.<\/p>\n<\/div>\r\n                                                    <div class=\"ctas\">\r\n                                                    <a href=\"#\" target=\"\" class=\"btn-round tamano-7-mediumcta color-boton-3-texto-normal color-boton-3-texto-hover color-boton-3-normal color-boton-3-hover\">\r\n    \r\n    <span>Cursos<\/span>\r\n<\/a>\r\n\r\n<style>\r\n    .btn-border-rounded {\r\n        border-radius: 12px !important;\r\n    }\r\n\r\n    .btn-border-square {\r\n        border-radius: 0 !important;\r\n    }\r\n\r\n    \/* Estilos de hover *\/\r\n    .btn-hover-hover1:hover {\r\n        filter: contrast(0.55);\r\n    }\r\n\r\n    .btn-hover-hover2:hover {\r\n        filter: sepia(2);\r\n    }\r\n\r\n    \/* Estilos del icono cuando existe *\/\r\n    a i {\r\n        margin-right: 8px;\r\n        font-size: 16px;\r\n    }\r\n\r\n    \/* Icono Lucide *\/\r\n    .btn-icon--lucide {\r\n        display: inline-flex;\r\n        align-items: center;\r\n        justify-content: center;\r\n        margin-right: 8px;\r\n    }\r\n\r\n    .btn-icon--lucide svg {\r\n        width: 16px;\r\n        height: 16px;\r\n        display: block;\r\n    }\r\n<\/style>\r\n                        \r\n                                                    <a href=\"#\" target=\"\" class=\"btn-round tamano-7-mediumcta color-boton-3-texto-normal color-boton-3-texto-hover color-boton-3-normal color-boton-3-hover\">\r\n    \r\n    <span>Contactar<\/span>\r\n<\/a>\r\n\r\n<style>\r\n    .btn-border-rounded {\r\n        border-radius: 12px !important;\r\n    }\r\n\r\n    .btn-border-square {\r\n        border-radius: 0 !important;\r\n    }\r\n\r\n    \/* Estilos de hover *\/\r\n    .btn-hover-hover1:hover {\r\n        filter: contrast(0.55);\r\n    }\r\n\r\n    .btn-hover-hover2:hover {\r\n        filter: sepia(2);\r\n    }\r\n\r\n    \/* Estilos del icono cuando existe *\/\r\n    a i {\r\n        margin-right: 8px;\r\n        font-size: 16px;\r\n    }\r\n\r\n    \/* Icono Lucide *\/\r\n    .btn-icon--lucide {\r\n        display: inline-flex;\r\n        align-items: center;\r\n        justify-content: center;\r\n        margin-right: 8px;\r\n    }\r\n\r\n    .btn-icon--lucide svg {\r\n        width: 16px;\r\n        height: 16px;\r\n        display: block;\r\n    }\r\n<\/style>\r\n                                            <\/div>\r\n                            <\/div>\r\n        <\/div>\r\n    <\/div>\r\n<\/section>\r\n<style>\r\n    .ctas_2_2 .ctas {\r\n        display: flex;\r\n        gap: 30px;\r\n        flex-wrap: wrap;\r\n    }\r\n\r\n    .ctas_2_2 .col {\r\n        display: flex;\r\n        gap: 30px;\r\n        align-items: flex-start;\r\n        justify-content: space-between;\r\n    }\r\n\r\n    .ctas_2_2 .titulo h2 {\r\n        width: calc(100% - 68px);\r\n        max-width: 360px;\r\n    }\r\n\r\n    .ctas_2_2 .titulo {\r\n        display: flex;\r\n        align-items: center;\r\n        gap: 30px;\r\n    }\r\n\r\n    .ctas_2_2 .texto {\r\n        max-width: 435px;\r\n    }\r\n\r\n    .ctas_2_2 {\r\n        padding: 80px 150px;\r\n        position: relative;\r\n    }\r\n\r\n    .ctas_2_2 .btn-round {\r\n        border-radius: 60px;\r\n        padding: 12px 25px;\r\n        display: inline-block;\r\n        min-width: 175px;\r\n        text-align: center;\r\n        transition: all ease .3s;\r\n        text-decoration: none;\r\n        max-width: 278px;\r\n        width: calc(50% - 15px);\r\n        min-height: 51px;\r\n        display: flex;\r\n        align-items: center;\r\n        justify-content: center;\r\n    }\r\n\r\n    @media (max-width:1750px) {\r\n        .ctas_2_2 .col {\r\n            flex-wrap: wrap;\r\n        }\r\n\r\n        .ctas_2_2 .texto {\r\n            max-width: 50%;\r\n        }\r\n\r\n        .ctas_2_2 .titulo {\r\n            width: 50%;\r\n        }\r\n\r\n        .ctas_2_2 .titulo h2 {\r\n            max-width: 100%;\r\n        }\r\n    }\r\n\r\n    @media (max-width:1600px) {\r\n        .ctas_2_2 {\r\n            padding-left: 50px;\r\n            padding-right: 50px;\r\n        }\r\n    }\r\n\r\n    @media (max-width:1400px) {\r\n        .ctas_2_2 .texto {\r\n            max-width: 100%;\r\n        }\r\n\r\n        .ctas_2_2 .titulo {\r\n            width: 100%;\r\n        }\r\n    }\r\n\r\n    @media (max-width:1200px) {\r\n        .ctas_2_2 {\r\n            padding-left: 0;\r\n            padding-right: 0;\r\n        }\r\n    }\r\n\r\n    @media (max-width:992px) {\r\n        .ctas_2_2 {\r\n            padding: 40px 0;\r\n        }\r\n    }\r\n\r\n    @media (max-width:768px) {\r\n        .ctas_2_2 .titulo h2 {\r\n            line-height: var(--tamano5-line-height);\r\n        }\r\n\r\n        .ctas_2_2 .ctas {\r\n            justify-content: center;\r\n            width: 100%\r\n        }\r\n\r\n        .ctas_2_2 .btn-round {\r\n            min-width: 133px;\r\n            padding: 12px 30px;\r\n        }\r\n    }\r\n\r\n    @media (max-width:576px) {\r\n        .ctas_2_2 .btn-round {\r\n            min-width: 100px;\r\n            padding: 12px 15px;\r\n        }\r\n\r\n        .ctas_2_2 .ctas {\r\n            flex-wrap: nowrap;\r\n        }\r\n    }\r\n<\/style>\r\n","protected":false},"excerpt":{"rendered":"","protected":false},"author":1,"featured_media":0,"parent":0,"menu_order":0,"comment_status":"open","ping_status":"closed","template":"","meta":{"_acf_changed":false,"iawp_total_views":0,"footnotes":""},"class_list":["post-285","page","type-page","status-publish","hentry"],"acf":[],"yoast_head":"<!-- This site is optimized with the Yoast SEO plugin v27.3 - https:\/\/yoast.com\/product\/yoast-seo-wordpress\/ -->\n<title>Equipo - OLIMPIA EQUITACI\u00d3<\/title>\n<meta name=\"robots\" content=\"index, follow, max-snippet:-1, max-image-preview:large, max-video-preview:-1\" \/>\n<link rel=\"canonical\" href=\"https:\/\/olimpiaequitacio.com\/fr\/equipo\/\" \/>\n<meta property=\"og:locale\" content=\"fr_FR\" \/>\n<meta property=\"og:type\" content=\"article\" \/>\n<meta property=\"og:title\" content=\"Equipo - OLIMPIA EQUITACI\u00d3\" \/>\n<meta property=\"og:url\" content=\"https:\/\/olimpiaequitacio.com\/fr\/equipo\/\" \/>\n<meta property=\"og:site_name\" content=\"OLIMPIA EQUITACI\u00d3\" \/>\n<meta property=\"article:modified_time\" content=\"2025-08-20T14:16:51+00:00\" \/>\n<meta name=\"twitter:card\" content=\"summary_large_image\" \/>\n<!-- \/ Yoast SEO plugin. -->","yoast_head_json":{"title":"Equipo - OLIMPIA EQUITACI\u00d3","robots":{"index":"index","follow":"follow","max-snippet":"max-snippet:-1","max-image-preview":"max-image-preview:large","max-video-preview":"max-video-preview:-1"},"canonical":"https:\/\/olimpiaequitacio.com\/fr\/equipo\/","og_locale":"fr_FR","og_type":"article","og_title":"Equipo - OLIMPIA EQUITACI\u00d3","og_url":"https:\/\/olimpiaequitacio.com\/fr\/equipo\/","og_site_name":"OLIMPIA EQUITACI\u00d3","article_modified_time":"2025-08-20T14:16:51+00:00","twitter_card":"summary_large_image","schema":{"@context":"https:\/\/schema.org","@graph":[{"@type":"WebPage","@id":"https:\/\/olimpiaequitacio.com\/fr\/equipo\/","url":"https:\/\/olimpiaequitacio.com\/fr\/equipo\/","name":"Equipo - OLIMPIA EQUITACI\u00d3","isPartOf":{"@id":"https:\/\/olimpiaequitacio.com\/fr\/#website"},"datePublished":"2024-08-20T14:16:15+00:00","dateModified":"2025-08-20T14:16:51+00:00","breadcrumb":{"@id":"https:\/\/olimpiaequitacio.com\/fr\/equipo\/#breadcrumb"},"inLanguage":"fr-FR","potentialAction":[{"@type":"ReadAction","target":["https:\/\/olimpiaequitacio.com\/fr\/equipo\/"]}]},{"@type":"BreadcrumbList","@id":"https:\/\/olimpiaequitacio.com\/fr\/equipo\/#breadcrumb","itemListElement":[{"@type":"ListItem","position":1,"name":"Portada","item":"https:\/\/olimpiaequitacio.com\/fr\/"},{"@type":"ListItem","position":2,"name":"Equipo"}]},{"@type":"WebSite","@id":"https:\/\/olimpiaequitacio.com\/fr\/#website","url":"https:\/\/olimpiaequitacio.com\/fr\/","name":"OLIMPIA EQUITACI\u00d3","description":"","publisher":{"@id":"https:\/\/olimpiaequitacio.com\/fr\/#organization"},"potentialAction":[{"@type":"SearchAction","target":{"@type":"EntryPoint","urlTemplate":"https:\/\/olimpiaequitacio.com\/fr\/?s={search_term_string}"},"query-input":{"@type":"PropertyValueSpecification","valueRequired":true,"valueName":"search_term_string"}}],"inLanguage":"fr-FR"},{"@type":"Organization","@id":"https:\/\/olimpiaequitacio.com\/fr\/#organization","name":"OLIMPIA EQUITACI\u00d3","url":"https:\/\/olimpiaequitacio.com\/fr\/","logo":{"@type":"ImageObject","inLanguage":"fr-FR","@id":"https:\/\/olimpiaequitacio.com\/fr\/#\/schema\/logo\/image\/","url":"https:\/\/olimpiaequitacio.com\/wp-content\/uploads\/2024\/08\/66bf767627748_43763_2aa345187fec45118b5c044528e6cabd.png","contentUrl":"https:\/\/olimpiaequitacio.com\/wp-content\/uploads\/2024\/08\/66bf767627748_43763_2aa345187fec45118b5c044528e6cabd.png","width":1057,"height":970,"caption":"OLIMPIA EQUITACI\u00d3"},"image":{"@id":"https:\/\/olimpiaequitacio.com\/fr\/#\/schema\/logo\/image\/"}}]}},"_links":{"self":[{"href":"https:\/\/olimpiaequitacio.com\/fr\/wp-json\/wp\/v2\/pages\/285","targetHints":{"allow":["GET"]}}],"collection":[{"href":"https:\/\/olimpiaequitacio.com\/fr\/wp-json\/wp\/v2\/pages"}],"about":[{"href":"https:\/\/olimpiaequitacio.com\/fr\/wp-json\/wp\/v2\/types\/page"}],"author":[{"embeddable":true,"href":"https:\/\/olimpiaequitacio.com\/fr\/wp-json\/wp\/v2\/users\/1"}],"replies":[{"embeddable":true,"href":"https:\/\/olimpiaequitacio.com\/fr\/wp-json\/wp\/v2\/comments?post=285"}],"version-history":[{"count":3,"href":"https:\/\/olimpiaequitacio.com\/fr\/wp-json\/wp\/v2\/pages\/285\/revisions"}],"predecessor-version":[{"id":1318,"href":"https:\/\/olimpiaequitacio.com\/fr\/wp-json\/wp\/v2\/pages\/285\/revisions\/1318"}],"wp:attachment":[{"href":"https:\/\/olimpiaequitacio.com\/fr\/wp-json\/wp\/v2\/media?parent=285"}],"curies":[{"name":"wp","href":"https:\/\/api.w.org\/{rel}","templated":true}]}}